{"id":14,"date":"2016-09-30T16:17:29","date_gmt":"2016-09-30T15:17:29","guid":{"rendered":"http:\/\/pomme-d-amap.org\/?page_id=14"},"modified":"2024-10-20T16:53:45","modified_gmt":"2024-10-20T15:53:45","slug":"les-producteurs","status":"publish","type":"page","link":"https:\/\/pomme-d-amap.org\/index.php\/les-producteurs\/","title":{"rendered":"Les producteurs"},"content":{"rendered":"<p>Pomme d&rsquo;Amap est en contrat annuel avec plusieurs producteurs d&rsquo;Ile-de-France :<\/p>\n<ul>\n<li>Le GAEC \u00ab\u00a0la ferme du champ libre\u00a0\u00bb\u00a0(Camille, Justine et Thibaud) qui cultive ses l\u00e9gumes en bio \u00e0 Tournai en Brie (77) sur une parcelle de 2,8 hectares de la ferme de Combreux depuis 2021<\/li>\n<li><a href=\"https:\/\/pomme-d-amap.org\/index.php\/les-producteurs\/bruno-fleury-agriculteur\/\">Les c\u00e9r\u00e9aliers et paysans boulangers\u00a0 Bruno et Katia FLEURY<\/a> qui cultivent bl\u00e9, \u00e9peautre, millet, lentilles bio \u00e0 St-Mars Vieux Maisons (77)\u00a0 fabriquent du pain au levain depuis 2014<\/li>\n<li><a href=\"https:\/\/pomme-d-amap.org\/index.php\/les-producteurs\/jean-pierre-rocipon-eleveur\/ex.php\/les-producteurs\/jean-pierre-rocipon-eleveur\/\">L&rsquo;aviculteur Jean-Pierre ROCIPON<\/a> qui \u00e9l\u00e8ve ses poulets et pintades \u00e0 Melz-sur-Seine (77) depuis 2020.<\/li>\n<li><a href=\"https:\/\/pomme-d-amap.org\/index.php\/les-producteurs\/maxime-veber-artisan-brasseur\/\">Le brasseur Maxime VEBER<\/a> qui produit sa bi\u00e8re artisanale biologique \u00e0 Choisy-le-Roy (94) depuis 2017<\/li>\n<\/ul>\n","protected":false},"excerpt":{"rendered":"<p>Pomme d&rsquo;Amap est en contrat annuel avec plusieurs producteurs d&rsquo;Ile-de-France : Le GAEC \u00ab\u00a0la ferme du champ libre\u00a0\u00bb\u00a0(Camille, Justine et Thibaud) qui cultive ses l\u00e9gumes en bio \u00e0 Tournai en Brie (77) sur une parcelle de 2,8 hectares de la ferme de Combreux depuis 2021 Les c\u00e9r\u00e9aliers et paysans boulangers\u00a0 Bruno et Katia FLEURY qui &hellip; <a href=\"https:\/\/pomme-d-amap.org\/index.php\/les-producteurs\/\" class=\"more-link\">Continuer la lecture de <span class=\"screen-reader-text\">Les producteurs<\/span>  <span class=\"meta-nav\">&rarr;<\/span><\/a><\/p>\n","protected":false},"author":1,"featured_media":0,"parent":0,"menu_order":0,"comment_status":"closed","ping_status":"closed","template":"","meta":{"footnotes":""},"class_list":["post-14","page","type-page","status-publish","hentry"],"_links":{"self":[{"href":"https:\/\/pomme-d-amap.org\/index.php\/wp-json\/wp\/v2\/pages\/14","targetHints":{"allow":["GET"]}}],"collection":[{"href":"https:\/\/pomme-d-amap.org\/index.php\/wp-json\/wp\/v2\/pages"}],"about":[{"href":"https:\/\/pomme-d-amap.org\/index.php\/wp-json\/wp\/v2\/types\/page"}],"author":[{"embeddable":true,"href":"https:\/\/pomme-d-amap.org\/index.php\/wp-json\/wp\/v2\/users\/1"}],"replies":[{"embeddable":true,"href":"https:\/\/pomme-d-amap.org\/index.php\/wp-json\/wp\/v2\/comments?post=14"}],"version-history":[{"count":8,"href":"https:\/\/pomme-d-amap.org\/index.php\/wp-json\/wp\/v2\/pages\/14\/revisions"}],"predecessor-version":[{"id":2018,"href":"https:\/\/pomme-d-amap.org\/index.php\/wp-json\/wp\/v2\/pages\/14\/revisions\/2018"}],"wp:attachment":[{"href":"https:\/\/pomme-d-amap.org\/index.php\/wp-json\/wp\/v2\/media?parent=14"}],"curies":[{"name":"wp","href":"https:\/\/api.w.org\/{rel}","templated":true}]}}