{"id":19,"date":"2016-09-30T16:20:26","date_gmt":"2016-09-30T15:20:26","guid":{"rendered":"http:\/\/pomme-d-amap.org\/?page_id=19"},"modified":"2026-04-05T16:51:48","modified_gmt":"2026-04-05T15:51:48","slug":"pomme-damap","status":"publish","type":"page","link":"https:\/\/pomme-d-amap.org\/index.php\/pomme-damap\/","title":{"rendered":"Pr\u00e9sentation de l&rsquo;association"},"content":{"rendered":"<p>Vous avez envie de :<\/p>\n<ul>\n<li>D\u00e9guster\u00a0des\u00a0l\u00e9gumes de saison et de qualit\u00e9,\u00a0du pain\u00a0complet au levain\u00a0et\/ou\u00a0de v\u00e9ritables poulets fermiers, bref b\u00e9n\u00e9ficier d&rsquo;une alimentation saine, biologique\u00a0et\u00a0savoureuse,\u00a0cela chaque semaine ?<\/li>\n<li>Soutenir une agriculture locale et durable, sans interm\u00e9diaire entre vous et les producteurs\u00a0?<\/li>\n<li>Participer \u00e0 une d\u00e9marche \u00e9quitable et responsable ?<b> <\/b><\/li>\n<\/ul>\n<h2><span style=\"color: #003300;\"><b>Rejoignez<\/b> <b>Pomme<\/b> <\/span><b><span style=\"color: #003300;\">d\u2019AMAP !!<\/span><br \/>\n<\/b><\/h2>\n<p>Pomme d\u2019AMAP est une association ivryenne qui r\u00e9unit un groupe de \u00ab\u00a0consomm\u2019acteurs\u00a0\u00bb et diff\u00e9rents producteurs franciliens\u00a0(Seine et Marne, Val-de-Marne).<\/p>\n<p><b>Solidaire<\/b><\/p>\n<p>Vous vous engagez par avance aupr\u00e8s des producteurs, \u00e0 travers un contrat annuel, \u00e0 leur acheter tout au long de l&rsquo;ann\u00e9e une part de leurs r\u00e9coltes et productions r\u00e9guli\u00e8res (hebdomadaires ou mensuelles). Les prix se veulent justes et \u00e9quitables pour les\u00a0producteurs et\u00a0les adh\u00e9rents \u00ab\u00a0AMAPiens\u00a0\u00bb.<\/p>\n<p><b>Participatif<\/b><\/p>\n<p>A tour de r\u00f4le les \u00ab\u00a0AMAPiens\u00a0\u00bb participent \u00e0 l&rsquo;organisation des\u00a0distributions hebdomadaires.\u00a0Ils sont en outre r\u00e9guli\u00e8rement invit\u00e9s \u00e0 venir visiter les exploitations et donner un coup de main aux travaux de mara\u00eechage.<\/p>\n<p><b>\u00c9cologique<\/b><\/p>\n<p>Les produits\u00a0propos\u00e9s sont issus d\u2019une agriculture biologique, soit d\u00e9j\u00e0 certifi\u00e9e AB soit sur des terres en reconversion.<\/p>\n<p><b>Infos<\/b> <b>pratiques<\/b><\/p>\n<p>Prix du \u00ab\u00a0panier l\u00e9gumes\u00a0\u00bb (distribution hebdomadaire)<\/p>\n<ul>\n<li>Part de r\u00e9colte : 22 \u20ac<\/li>\n<\/ul>\n<p>Prix du pain au levain (distribution hebdomadaire) &#8211; 750g environ<\/p>\n<ul>\n<li>50% farine de bl\u00e9 &#8211; 50% farine d&rsquo;\u00e9peautre : 4,30\u20ac<\/li>\n<li>100% farine d&rsquo;\u00e9peautre : 5,30 \u20ac<\/li>\n<li>50% farine de bl\u00e9 &#8211; 50% farine d&rsquo;\u00e9peautre + graines : 5,30 \u20ac<\/li>\n<\/ul>\n<p>Prix d&rsquo;une volaille (distribution mensuelle)<\/p>\n<ul>\n<li>Poulet de chair: 12,3 \u20ac\/Kg)<\/li>\n<li>Pintade : 15\u20ac\/Kg<\/li>\n<\/ul>\n<p>Prix des \u0153ufs fermiers (distribution bimensuelle)<\/p>\n<ul>\n<li>Prix unitaire \u0153uf : 0,52 \u20ac<\/li>\n<\/ul>\n<p>Prix des bi\u00e8res (distribution mensuelle)<\/p>\n<ul>\n<li>Pack de 6 bi\u00e8res de 33cl : 14\u20ac<\/li>\n<\/ul>\n<p>A noter la possibilit\u00e9\u00a0de s\u2019inscrire en tant qu\u2019intermittent de l&rsquo;Association, afin de\u00a0b\u00e9n\u00e9ficier occasionnellement des paniers et produits que des adh\u00e9rents ne peuvent pas venir chercher.<\/p>\n<p><a href=\"https:\/\/pomme-d-amap.org\/index.php\/le-contrat\/\">Contrats<\/a><\/p>\n<ul>\n<li>Dur\u00e9e des contrats : annuelle !<\/li>\n<li>Inscriptions \u00e9ventuelles en cours d\u2019ann\u00e9e<\/li>\n<\/ul>\n<p>Distributions<\/p>\n<ul>\n<li>Chaque mardi entre 19h30 et 20h30, salle Voltaire, 5 place Voltaire, 94200 Ivry-sur-Seine<\/li>\n<\/ul>\n<p>[leaflet-map lat=48.8128\u00a0lng=2.3845\u00a0zoom=15 zoomcontrol=\u00a0\u00bb1&Prime;]<\/p>\n<p>[leaflet-marker]<\/p>\n","protected":false},"excerpt":{"rendered":"<p>Vous avez envie de : D\u00e9guster\u00a0des\u00a0l\u00e9gumes de saison et de qualit\u00e9,\u00a0du pain\u00a0complet au levain\u00a0et\/ou\u00a0de v\u00e9ritables poulets fermiers, bref b\u00e9n\u00e9ficier d&rsquo;une alimentation saine, biologique\u00a0et\u00a0savoureuse,\u00a0cela chaque semaine ? Soutenir une agriculture locale et durable, sans interm\u00e9diaire entre vous et les producteurs\u00a0? Participer \u00e0 une d\u00e9marche \u00e9quitable et responsable ? Rejoignez Pomme d\u2019AMAP !! Pomme d\u2019AMAP est une &hellip; <a href=\"https:\/\/pomme-d-amap.org\/index.php\/pomme-damap\/\" class=\"more-link\">Continuer la lecture de <span class=\"screen-reader-text\">Pr\u00e9sentation de l&rsquo;association<\/span>  <span class=\"meta-nav\">&rarr;<\/span><\/a><\/p>\n","protected":false},"author":1,"featured_media":0,"parent":0,"menu_order":0,"comment_status":"closed","ping_status":"closed","template":"","meta":{"footnotes":""},"class_list":["post-19","page","type-page","status-publish","hentry"],"_links":{"self":[{"href":"https:\/\/pomme-d-amap.org\/index.php\/wp-json\/wp\/v2\/pages\/19","targetHints":{"allow":["GET"]}}],"collection":[{"href":"https:\/\/pomme-d-amap.org\/index.php\/wp-json\/wp\/v2\/pages"}],"about":[{"href":"https:\/\/pomme-d-amap.org\/index.php\/wp-json\/wp\/v2\/types\/page"}],"author":[{"embeddable":true,"href":"https:\/\/pomme-d-amap.org\/index.php\/wp-json\/wp\/v2\/users\/1"}],"replies":[{"embeddable":true,"href":"https:\/\/pomme-d-amap.org\/index.php\/wp-json\/wp\/v2\/comments?post=19"}],"version-history":[{"count":19,"href":"https:\/\/pomme-d-amap.org\/index.php\/wp-json\/wp\/v2\/pages\/19\/revisions"}],"predecessor-version":[{"id":2108,"href":"https:\/\/pomme-d-amap.org\/index.php\/wp-json\/wp\/v2\/pages\/19\/revisions\/2108"}],"wp:attachment":[{"href":"https:\/\/pomme-d-amap.org\/index.php\/wp-json\/wp\/v2\/media?parent=19"}],"curies":[{"name":"wp","href":"https:\/\/api.w.org\/{rel}","templated":true}]}}