{"id":27,"date":"2016-09-30T16:29:46","date_gmt":"2016-09-30T15:29:46","guid":{"rendered":"http:\/\/pomme-d-amap.org\/?page_id=27"},"modified":"2016-12-15T11:18:42","modified_gmt":"2016-12-15T10:18:42","slug":"les-statuts","status":"publish","type":"page","link":"https:\/\/pomme-d-amap.org\/index.php\/pomme-damap\/les-statuts\/","title":{"rendered":"Statuts et charte"},"content":{"rendered":"<p>Pomme d&rsquo;Amap respecte les principes de la <a href=\"https:\/\/pomme-d-amap.org\/wp-content\/uploads\/2016\/11\/Charte-Amap.pdf\">charte des AMAP<\/a> r\u00e9dig\u00e9e par le <a href=\"http:\/\/reseau-amap.org\/\">r\u00e9seau des AMAP<\/a>.<\/p>\n<p>Les statuts de Pomme d&rsquo;Amap sont disponibles<a href=\"https:\/\/pomme-d-amap.org\/wp-content\/uploads\/2016\/11\/Statuts.pdf\"> ici<\/a>.<\/p>\n<div>Toutes les images pr\u00e9sent\u00e9es sur ce site\u00a0sont la propri\u00e9t\u00e9 exclusive de Pomme d&rsquo;Amap et\u00a0sont prot\u00e9g\u00e9es par le code de la propri\u00e9t\u00e9 intellectuelle.<\/div>\n<div>Elles ne peuvent \u00eatre utilis\u00e9es,\u00a0m\u00eame partiellement,\u00a0sous aucune forme, sans l\u2019autorisation expresse \u00e9crite de Pomme d&rsquo;Amap.<\/div>\n<div>Toute adaptation ou utilisation\u00a0sans autorisation\u00a0de visuels prot\u00e9g\u00e9s par la propri\u00e9t\u00e9 intellectuelle extraits de ce site internet pourra entra\u00eener des poursuites.<\/div>\n","protected":false},"excerpt":{"rendered":"<p>Pomme d&rsquo;Amap respecte les principes de la charte des AMAP r\u00e9dig\u00e9e par le r\u00e9seau des AMAP. Les statuts de Pomme d&rsquo;Amap sont disponibles ici. Toutes les images pr\u00e9sent\u00e9es sur ce site\u00a0sont la propri\u00e9t\u00e9 exclusive de Pomme d&rsquo;Amap et\u00a0sont prot\u00e9g\u00e9es par le code de la propri\u00e9t\u00e9 intellectuelle. Elles ne peuvent \u00eatre utilis\u00e9es,\u00a0m\u00eame partiellement,\u00a0sous aucune forme, sans &hellip; <a href=\"https:\/\/pomme-d-amap.org\/index.php\/pomme-damap\/les-statuts\/\" class=\"more-link\">Continuer la lecture de <span class=\"screen-reader-text\">Statuts et charte<\/span>  <span class=\"meta-nav\">&rarr;<\/span><\/a><\/p>\n","protected":false},"author":1,"featured_media":0,"parent":19,"menu_order":0,"comment_status":"closed","ping_status":"closed","template":"","meta":{"footnotes":""},"class_list":["post-27","page","type-page","status-publish","hentry"],"_links":{"self":[{"href":"https:\/\/pomme-d-amap.org\/index.php\/wp-json\/wp\/v2\/pages\/27","targetHints":{"allow":["GET"]}}],"collection":[{"href":"https:\/\/pomme-d-amap.org\/index.php\/wp-json\/wp\/v2\/pages"}],"about":[{"href":"https:\/\/pomme-d-amap.org\/index.php\/wp-json\/wp\/v2\/types\/page"}],"author":[{"embeddable":true,"href":"https:\/\/pomme-d-amap.org\/index.php\/wp-json\/wp\/v2\/users\/1"}],"replies":[{"embeddable":true,"href":"https:\/\/pomme-d-amap.org\/index.php\/wp-json\/wp\/v2\/comments?post=27"}],"version-history":[{"count":7,"href":"https:\/\/pomme-d-amap.org\/index.php\/wp-json\/wp\/v2\/pages\/27\/revisions"}],"predecessor-version":[{"id":293,"href":"https:\/\/pomme-d-amap.org\/index.php\/wp-json\/wp\/v2\/pages\/27\/revisions\/293"}],"up":[{"embeddable":true,"href":"https:\/\/pomme-d-amap.org\/index.php\/wp-json\/wp\/v2\/pages\/19"}],"wp:attachment":[{"href":"https:\/\/pomme-d-amap.org\/index.php\/wp-json\/wp\/v2\/media?parent=27"}],"curies":[{"name":"wp","href":"https:\/\/api.w.org\/{rel}","templated":true}]}}