{"id":85,"date":"2016-10-10T21:02:53","date_gmt":"2016-10-10T20:02:53","guid":{"rendered":"http:\/\/pomme-d-amap.org\/?page_id=85"},"modified":"2024-10-20T17:18:14","modified_gmt":"2024-10-20T16:18:14","slug":"le-maraicher-marc-bianchi","status":"publish","type":"page","link":"https:\/\/pomme-d-amap.org\/index.php\/les-producteurs\/le-maraicher-marc-bianchi\/","title":{"rendered":"Les Mara\u00eechers"},"content":{"rendered":"\n<h2 class=\"wp-block-heading\">Camille, Justine et Thibaud<\/h2>\n\n\n\n<p>Apr\u00e8s un partenariat de nombreuses ann\u00e9es avec Marc Bianchi, install\u00e9 \u00e0 Saint-Augustin (77), Pomme d&rsquo;Amap travaille depuis juillet 2024 avec le GAEC du champ libre qui exploite 2,8 hectares sur une parcelle de la ferme de Combreux (77). Camille, en couveuse, fournit la majeure partie des l\u00e9gumes chaque semaine et est aid\u00e9e par Justine et Thibaud, qui cultivent d\u00e9j\u00e0 pour d&rsquo;autres Amaps depuis 2021.<\/p>\n","protected":false},"excerpt":{"rendered":"<p>Camille, Justine et Thibaud Apr\u00e8s un partenariat de nombreuses ann\u00e9es avec Marc Bianchi, install\u00e9 \u00e0 Saint-Augustin (77), Pomme d&rsquo;Amap travaille depuis juillet 2024 avec le GAEC du champ libre qui exploite 2,8 hectares sur une parcelle de la ferme de Combreux (77). Camille, en couveuse, fournit la majeure partie des l\u00e9gumes chaque semaine et est &hellip; <a href=\"https:\/\/pomme-d-amap.org\/index.php\/les-producteurs\/le-maraicher-marc-bianchi\/\" class=\"more-link\">Continuer la lecture de <span class=\"screen-reader-text\">Les Mara\u00eechers<\/span>  <span class=\"meta-nav\">&rarr;<\/span><\/a><\/p>\n","protected":false},"author":1,"featured_media":0,"parent":14,"menu_order":0,"comment_status":"closed","ping_status":"closed","template":"","meta":{"footnotes":""},"class_list":["post-85","page","type-page","status-publish","hentry"],"_links":{"self":[{"href":"https:\/\/pomme-d-amap.org\/index.php\/wp-json\/wp\/v2\/pages\/85","targetHints":{"allow":["GET"]}}],"collection":[{"href":"https:\/\/pomme-d-amap.org\/index.php\/wp-json\/wp\/v2\/pages"}],"about":[{"href":"https:\/\/pomme-d-amap.org\/index.php\/wp-json\/wp\/v2\/types\/page"}],"author":[{"embeddable":true,"href":"https:\/\/pomme-d-amap.org\/index.php\/wp-json\/wp\/v2\/users\/1"}],"replies":[{"embeddable":true,"href":"https:\/\/pomme-d-amap.org\/index.php\/wp-json\/wp\/v2\/comments?post=85"}],"version-history":[{"count":27,"href":"https:\/\/pomme-d-amap.org\/index.php\/wp-json\/wp\/v2\/pages\/85\/revisions"}],"predecessor-version":[{"id":2024,"href":"https:\/\/pomme-d-amap.org\/index.php\/wp-json\/wp\/v2\/pages\/85\/revisions\/2024"}],"up":[{"embeddable":true,"href":"https:\/\/pomme-d-amap.org\/index.php\/wp-json\/wp\/v2\/pages\/14"}],"wp:attachment":[{"href":"https:\/\/pomme-d-amap.org\/index.php\/wp-json\/wp\/v2\/media?parent=85"}],"curies":[{"name":"wp","href":"https:\/\/api.w.org\/{rel}","templated":true}]}}