{"id":887,"date":"2019-03-21T23:38:53","date_gmt":"2019-03-21T22:38:53","guid":{"rendered":"http:\/\/pomme-d-amap.org\/?page_id=887"},"modified":"2024-10-20T16:56:40","modified_gmt":"2024-10-20T15:56:40","slug":"maxime-veber-artisan-brasseur","status":"publish","type":"page","link":"https:\/\/pomme-d-amap.org\/index.php\/les-producteurs\/maxime-veber-artisan-brasseur\/","title":{"rendered":"Maxime Veber &#8211; Artisan brasseur"},"content":{"rendered":"<p><img loading=\"lazy\" decoding=\"async\" class=\" wp-image-889 alignleft\" src=\"https:\/\/pomme-d-amap.org\/wp-content\/uploads\/2019\/03\/Max-Veber.jpg\" alt=\"Maxime Veber et sa bi\u00e8re NousDouze\" width=\"190\" height=\"245\" srcset=\"https:\/\/pomme-d-amap.org\/wp-content\/uploads\/2019\/03\/Max-Veber.jpg 252w, https:\/\/pomme-d-amap.org\/wp-content\/uploads\/2019\/03\/Max-Veber-233x300.jpg 233w\" sizes=\"auto, (max-width: 190px) 100vw, 190px\" \/>Install\u00e9 \u00e0 Choisy-le-Roi (94), Maxime Veber propose depuis 2017 une production brassicole artisanale et biologique, la bi\u00e8re <strong>NousDouze<\/strong>, sans additif, sans auxilliaire ou sucre ajout\u00e9e, r\u00e9alis\u00e9 \u00e0 partir de houblon alsacien et de malt belge.<\/p>\n<p><span style=\"line-height: 1.5;\">[leaflet-map lat=48.76440856911351 lng=2.408266114307258 zoom=12 zoomcontrol=\u00a0\u00bb1&Prime;]<\/span><\/p>\n<p>[leaflet-marker]<\/p>\n","protected":false},"excerpt":{"rendered":"<p>Install\u00e9 \u00e0 Choisy-le-Roi (94), Maxime Veber propose depuis 2017 une production brassicole artisanale et biologique, la bi\u00e8re NousDouze, sans additif, sans auxilliaire ou sucre ajout\u00e9e, r\u00e9alis\u00e9 \u00e0 partir de houblon alsacien et de malt belge. [leaflet-map lat=48.76440856911351 lng=2.408266114307258 zoom=12 zoomcontrol=\u00a0\u00bb1&Prime;] [leaflet-marker]<\/p>\n","protected":false},"author":1,"featured_media":0,"parent":14,"menu_order":0,"comment_status":"closed","ping_status":"closed","template":"","meta":{"footnotes":""},"class_list":["post-887","page","type-page","status-publish","hentry"],"_links":{"self":[{"href":"https:\/\/pomme-d-amap.org\/index.php\/wp-json\/wp\/v2\/pages\/887","targetHints":{"allow":["GET"]}}],"collection":[{"href":"https:\/\/pomme-d-amap.org\/index.php\/wp-json\/wp\/v2\/pages"}],"about":[{"href":"https:\/\/pomme-d-amap.org\/index.php\/wp-json\/wp\/v2\/types\/page"}],"author":[{"embeddable":true,"href":"https:\/\/pomme-d-amap.org\/index.php\/wp-json\/wp\/v2\/users\/1"}],"replies":[{"embeddable":true,"href":"https:\/\/pomme-d-amap.org\/index.php\/wp-json\/wp\/v2\/comments?post=887"}],"version-history":[{"count":11,"href":"https:\/\/pomme-d-amap.org\/index.php\/wp-json\/wp\/v2\/pages\/887\/revisions"}],"predecessor-version":[{"id":2021,"href":"https:\/\/pomme-d-amap.org\/index.php\/wp-json\/wp\/v2\/pages\/887\/revisions\/2021"}],"up":[{"embeddable":true,"href":"https:\/\/pomme-d-amap.org\/index.php\/wp-json\/wp\/v2\/pages\/14"}],"wp:attachment":[{"href":"https:\/\/pomme-d-amap.org\/index.php\/wp-json\/wp\/v2\/media?parent=887"}],"curies":[{"name":"wp","href":"https:\/\/api.w.org\/{rel}","templated":true}]}}